{"id":6341,"date":"2021-08-31T00:32:11","date_gmt":"2021-08-31T00:32:11","guid":{"rendered":"https:\/\/fvc.fukuvi-jp.com\/?post_type=product&#038;p=6341"},"modified":"2021-12-22T01:36:31","modified_gmt":"2021-12-22T01:36:31","slug":"guiding-light-bar","status":"publish","type":"product","link":"https:\/\/fvc.fukuvi-jp.com\/vi\/san-pham\/guiding-light-bar\/","title":{"rendered":"THANH TRUY\u00ca\u0300N D\u00c2\u0303N A\u0301NH SA\u0301NG"},"content":{"rendered":"","protected":false},"excerpt":{"rendered":"<p>[su_list icon=\"icon: check\" icon_color=\"#2bea22\"][su_divider top=\"no\" style=\"dashed\" size=\"1\"]<\/p>\n<h6>\u01afU \u0110I\u00ca\u0309M<\/h6>\n<ul>\n<li><strong>Kha\u0309 n\u0103ng khu\u1ebfch t\u00e1n \u00e1nh s\u00e1ng \u1ea5n t\u01b0\u1ee3ng<\/strong><br \/>\nTruy\u00ea\u0300n d\u00e2\u0303n \u00e1nh s\u00e1ng t\u1ed1t<\/li>\n<li><strong>T\u0103ng \u0111\u1ed9 r\u1ef1c c\u1ee7a m\u00e0u<\/strong><br \/>\n\u0110\u1ed9 r\u1ef1c m\u00e0u \u00e1nh s\u00e1ng cao d\u1ecdc theo chi\u1ec1u d\u00e0i c\u1ee7a s\u1ea3n ph\u1ea9m<\/li>\n<li><strong>Ti\u1ebft ki\u1ec7m n\u0103ng l\u01b0\u1ee3ng<\/strong><br \/>\nY\u00eau c\u1ea7u \u00edt n\u0103ng l\u01b0\u1ee3ng h\u01a1n v\u01a1\u0301i c\u00f9ng m\u1ed9t k\u1ebft qu\u1ea3<\/li>\n<li><strong>Ch\u1ec9 1 \u0111\u00e8n LED<\/strong><br \/>\nCh\u1ec9 c\u1ea7n 1 \u0111\u00e8n LED \u0111\u1ec3 ho\u1ea1t \u0111\u1ed9ng<\/li>\n<li><strong>THI\u1ebeT K\u1ebe \u0110A D\u1ea0NG<\/strong><br \/>\nCh\u00fang t\u00f4i c\u00f3 th\u1ec3 s\u1ea3n xu\u1ea5t c\u00e1c thanh truy\u00ea\u0300n d\u1eabn \u00e1nh s\u00e1ng theo thi\u00ea\u0301t k\u00ea\u0301 &amp; ti\u00eau chu\u1ea9n ri\u00eang cu\u0309a kha\u0301ch ha\u0300ng<\/li>\n<\/ul>\n<p>[\/su_list][su_divider top=\"no\" style=\"dashed\" size=\"1\"]<\/p>","protected":false},"featured_media":6344,"template":"","meta":[],"product_brand":[],"product_cat":[39],"product_tag":[],"class_list":{"0":"post-6341","1":"product","2":"type-product","3":"status-publish","4":"has-post-thumbnail","6":"product_cat-oem-products","8":"first","9":"instock","10":"virtual","11":"product-type-simple","12":"czr-hentry"},"_links":{"self":[{"href":"https:\/\/fvc.fukuvi-jp.com\/vi\/wp-json\/wp\/v2\/product\/6341","targetHints":{"allow":["GET"]}}],"collection":[{"href":"https:\/\/fvc.fukuvi-jp.com\/vi\/wp-json\/wp\/v2\/product"}],"about":[{"href":"https:\/\/fvc.fukuvi-jp.com\/vi\/wp-json\/wp\/v2\/types\/product"}],"wp:featuredmedia":[{"embeddable":true,"href":"https:\/\/fvc.fukuvi-jp.com\/vi\/wp-json\/wp\/v2\/media\/6344"}],"wp:attachment":[{"href":"https:\/\/fvc.fukuvi-jp.com\/vi\/wp-json\/wp\/v2\/media?parent=6341"}],"wp:term":[{"taxonomy":"product_brand","embeddable":true,"href":"https:\/\/fvc.fukuvi-jp.com\/vi\/wp-json\/wp\/v2\/product_brand?post=6341"},{"taxonomy":"product_cat","embeddable":true,"href":"https:\/\/fvc.fukuvi-jp.com\/vi\/wp-json\/wp\/v2\/product_cat?post=6341"},{"taxonomy":"product_tag","embeddable":true,"href":"https:\/\/fvc.fukuvi-jp.com\/vi\/wp-json\/wp\/v2\/product_tag?post=6341"}],"curies":[{"name":"wp","href":"https:\/\/api.w.org\/{rel}","templated":true}]}}