{"id":8731,"date":"2025-05-22T02:26:03","date_gmt":"2025-05-22T02:26:03","guid":{"rendered":"https:\/\/fvc.fukuvi-jp.com\/?post_type=product&#038;p=8731"},"modified":"2025-05-22T08:33:52","modified_gmt":"2025-05-22T08:33:52","slug":"st-corner","status":"publish","type":"product","link":"https:\/\/fvc.fukuvi-jp.com\/en\/product\/st-corner\/","title":{"rendered":"ST Corner"},"content":{"rendered":"","protected":false},"excerpt":{"rendered":"<p>[su_list icon=\"icon: check\" icon_color=\"#2bea22\"][su_divider top=\"no\" style=\"dashed\" size=\"1\"]<\/p>\n<h6>FEATURES<\/h6>\n<ul>\n<li style=\"list-style-type: none;\">\n<ul>\n<li><strong>[trp_language language=\"en_US\"]R-Shape[\/trp_language][trp_language language=\"vi\"]N\u1eb8P D\u00c1NG R[\/trp_language][trp_language language=\"ja\"]\u885b\u751f\u3055\u304c\u5fc5\u8981\u306a\u98df\u54c1\u5de5\u5834,\u533b\u85ac\u5de5\u5834,\u6a5f\u68b0\u5ba4\u306a\u3069\u306b\u6700\u9069<br \/>\n[\/trp_language]<\/strong><br \/>\n[trp_language language=\"en_US\"]Prevents dust from accumulating[\/trp_language][trp_language language=\"vi\"]Ng\u0103n b\u1ee5i t\u00edch t\u1ee5[\/trp_language]<\/li>\n<li><strong>[trp_language language=\"en_US\"]Smooth Transition[\/trp_language][trp_language language=\"vi\"]D\u00c1NG N\u1eb8P TI\u1ebeP N\u1ed0I[\/trp_language][trp_language language=\"ja\"]\u30db\u30b3\u30ea\u304c\u6e9c\u307e\u308a\u306b\u304f\u3044R\u5f62\u72b6<br \/>\n[\/trp_language]<\/strong><br \/>\n[trp_language language=\"en_US\"]Get rid of flat faces near walls and floors[\/trp_language][trp_language language=\"vi\"]Che \u0111i c\u00e1c g\u00f3c c\u1ea1nh c\u1ee7a b\u1ec7 c\u1eeda<br \/>\n[\/trp_language]<\/li>\n<li><strong>[trp_language language=\"en_US\"]Straight Lines[\/trp_language][trp_language language=\"vi\"]THANH N\u1eb8P TH\u1eb2NG \u0110\u1ec0U[\/trp_language][trp_language language=\"ja\"]\u58c1\u3084\u5e8a\u306b\u6bb5\u5dee\u3092\u3064\u304f\u3089\u306a\u3044\u92ed\u89d2\u5ea6<br \/>\n[\/trp_language]<\/strong><br \/>\n[trp_language language=\"en_US\"]Create a perfect straight line[\/trp_language][trp_language language=\"vi\"]T\u1ea1o \u0111\u01b0\u1ee3c \u0111\u01b0\u1eddng th\u1eb3ng ho\u00e0n thi\u1ec7n th\u1ea9m m\u1ef9<br \/>\n[\/trp_language]<\/li>\n<li><strong>[trp_language language=\"en_US\"]Paintable[\/trp_language][trp_language language=\"vi\"]C\u00d3 TH\u1ec2 PH\u1ee6 S\u01a0N L\u00caN[\/trp_language][trp_language language=\"ja\"]\u78ba\u5b9f\u306b\u76f4\u7dda\u3092\u51fa\u305b\u308b<br \/>\n[\/trp_language]<\/strong><br \/>\n[trp_language language=\"en_US\"]Urethane, Epoxy[\/trp_language][trp_language language=\"vi\"]Lo\u1ea1i s\u01a1n: Urethan, Epoxy<br \/>\n[\/trp_language]<\/li>\n<li><strong>[trp_language language=\"en_US\"]Quick Installation[\/trp_language][trp_language language=\"vi\"]L\u1eaeP \u0110\u1eb6T NHANH[\/trp_language][trp_language language=\"ja\"]\u5857\u88c5\u53ef\u80fd\uff08\u30a6\u30ec\u30bf\u30f3\u7cfb\u3084\u30a8\u30dd\u30ad\u30b7\u7cfb\u306a\u3069\uff09<br \/>\n[\/trp_language]<\/strong><br \/>\n[trp_language language=\"en_US\"]Easily installed with the use of adhesive[\/trp_language][trp_language language=\"vi\"]D\u1ec5 d\u00e0ng l\u1eafp \u0111\u1eb7t b\u1eb1ng keo[\/trp_language]<\/li>\n[trp_language language=\"ja\"]\n<li><strong>\u63a5\u7740\u5264\u3067\u7c21\u5358\u56fa\u5b9a<br \/>\n<\/strong><\/li>\n<p>[\/trp_language]\n<\/ul>\n<p>[\/su_list][su_divider top=\"no\" style=\"dashed\" size=\"1\"][su_button url=\"https:\/\/drive.google.com\/file\/d\/1AA3d9RXG0lgUjkyNP7lvcGZYqmGhG215\/view?usp=drive_link\" target=\"blank\" background=\"#00c7ff\" color=\"#000000\" wide=\"yes\" icon=\"icon: download\" icon_color=\"#000000\" text_shadow=\"0px 0px 0px #000000\"]Download Explanation Document[\/su_button]<\/p>\n","protected":false},"featured_media":8746,"template":"","meta":[],"product_brand":[],"product_cat":[18],"product_tag":[],"class_list":{"0":"post-8731","1":"product","2":"type-product","3":"status-publish","4":"has-post-thumbnail","6":"product_cat-brand-products","8":"first","9":"instock","10":"virtual","11":"product-type-simple","12":"czr-hentry"},"_links":{"self":[{"href":"https:\/\/fvc.fukuvi-jp.com\/en\/wp-json\/wp\/v2\/product\/8731","targetHints":{"allow":["GET"]}}],"collection":[{"href":"https:\/\/fvc.fukuvi-jp.com\/en\/wp-json\/wp\/v2\/product"}],"about":[{"href":"https:\/\/fvc.fukuvi-jp.com\/en\/wp-json\/wp\/v2\/types\/product"}],"wp:featuredmedia":[{"embeddable":true,"href":"https:\/\/fvc.fukuvi-jp.com\/en\/wp-json\/wp\/v2\/media\/8746"}],"wp:attachment":[{"href":"https:\/\/fvc.fukuvi-jp.com\/en\/wp-json\/wp\/v2\/media?parent=8731"}],"wp:term":[{"taxonomy":"product_brand","embeddable":true,"href":"https:\/\/fvc.fukuvi-jp.com\/en\/wp-json\/wp\/v2\/product_brand?post=8731"},{"taxonomy":"product_cat","embeddable":true,"href":"https:\/\/fvc.fukuvi-jp.com\/en\/wp-json\/wp\/v2\/product_cat?post=8731"},{"taxonomy":"product_tag","embeddable":true,"href":"https:\/\/fvc.fukuvi-jp.com\/en\/wp-json\/wp\/v2\/product_tag?post=8731"}],"curies":[{"name":"wp","href":"https:\/\/api.w.org\/{rel}","templated":true}]}}