{"id":8608,"date":"2024-12-16T04:25:18","date_gmt":"2024-12-16T04:25:18","guid":{"rendered":"https:\/\/fvc.fukuvi-jp.com\/?post_type=product&#038;p=8608"},"modified":"2025-05-21T07:38:23","modified_gmt":"2025-05-21T07:38:23","slug":"window-stool-cover","status":"publish","type":"product","link":"https:\/\/fvc.fukuvi-jp.com\/en\/product\/window-stool-cover\/","title":{"rendered":"Window Stool Cover"},"content":{"rendered":"","protected":false},"excerpt":{"rendered":"<p>[su_list icon=\"icon: check\" icon_color=\"#2bea22\"][su_divider top=\"no\" style=\"dashed\" size=\"1\"]<\/p>\n<h6>FEATURES<\/h6>\n<ul>\n<li><strong>[trp_language language=\"en_US\"]Clean[\/trp_language][trp_language language=\"vi\"]GI\u1eee CHO B\u1ec0 M\u1eb6T S\u1ea0CH S\u1ebc[\/trp_language][trp_language language=\"ja\"]\u6c5a\u308c\u306b\u304f\u3044\u3001\u50b7\u3064\u304d\u306b\u304f\u3044<br \/>[\/trp_language]<\/strong><br \/>\n[trp_language language=\"en_US\"]Prevent dirt and scratches[\/trp_language][trp_language language=\"vi\"]Ng\u0103n b\u1ee5i b\u1ea9n v\u00e0 tr\u1ea7y x\u01b0\u1edbc[\/trp_language]<\/li>\n<li><strong>[trp_language language=\"en_US\"]Protect[\/trp_language][trp_language language=\"vi\"]NG\u0102N M\u1eba C\u1ea0NH[\/trp_language][trp_language language=\"ja\"]\u6b20\u3051\u3084\u3059\u3044\u89d2\u90e8\u3092\u5b88\u308bL\u5b57\u5f62\u72b6<br \/>[\/trp_language]<\/strong><br \/>\n[trp_language language=\"en_US\"]Covers and protects original surface and corners[\/trp_language][trp_language language=\"vi\"]Che \u0111i c\u00e1c g\u00f3c c\u1ea1nh c\u1ee7a b\u1ec7 c\u1eeda<br \/>\n[\/trp_language]<\/li>\n<li><strong>[trp_language language=\"en_US\"]Gloss Finish[\/trp_language][trp_language language=\"vi\"]L\u1edaP PH\u1ee6 TR\u01a0N LO\u00c1NG[\/trp_language][trp_language language=\"ja\"]\u6e05\u6f54\u611f\u3092\u611f\u3058\u3055\u305b\u308b\u8868\u9762\u6027<br \/>[\/trp_language]<\/strong><br \/>\n[trp_language language=\"en_US\"]A gloss finish that provides a clean and premium appearance[\/trp_language][trp_language language=\"vi\"]K\u1ebft c\u1ea5u b\u1ec1 m\u1eb7t t\u1ea1o c\u1ea3m gi\u00e1c s\u1ea1ch s\u1ebd<br \/>\n[\/trp_language]<\/li>\n<li><strong>[trp_language language=\"en_US\"]Easy to Cut[\/trp_language][trp_language language=\"vi\"]D\u1ec4 C\u1eaeT[\/trp_language][trp_language language=\"ja\"]\u5207\u65ad\u30fb\u52a0\u5de5\u3057\u3084\u3059\u3044<br \/>[\/trp_language]<\/strong><br \/>\n[trp_language language=\"en_US\"]Made of plastic that is easy to process[\/trp_language][trp_language language=\"vi\"]L\u00e0m t\u1eeb ch\u1ea5t li\u1ec7u nh\u1ef1a n\u00ean d\u1ec5 d\u00e0ng thao t\u00e1c<br \/>\n[\/trp_language]<\/li>\n<li><strong>[trp_language language=\"en_US\"]Quick Installation[\/trp_language][trp_language language=\"vi\"]L\u1eaeP \u0110\u1eb6T NHANH[\/trp_language][trp_language language=\"ja\"]\u63a5\u7740\u5264\u3068\u30c6\u30fc\u30d7\u3067\u7c21\u5358\u306b\u53d6\u308a\u4ed8\u3051\u3089\u308c\u308b<br \/>[\/trp_language]<\/strong><br \/>\n[trp_language language=\"en_US\"]Easily installed with the use of adhesive and tape[\/trp_language][trp_language language=\"vi\"]Ch\u1ec9 c\u1ea7n d\u00f9ng keo v\u00e0 b\u0103ng keo 2 m\u1eb7t \u0111\u1ec3 c\u1ed1 \u0111\u1ecbnh[\/trp_language]<\/li>\n<\/ul>\n<p>[\/su_list][su_divider top=\"no\" style=\"dashed\" size=\"1\"][su_button url=\"https:\/\/drive.google.com\/file\/d\/102Y89022U_HjqBxpOc9mrjMQA_TpYuuY\/view?usp=drive_link\" target=\"blank\" background=\"#00c7ff\" color=\"#000000\" wide=\"yes\" icon=\"icon: download\" icon_color=\"#000000\" text_shadow=\"0px 0px 0px #000000\"]Download Explanation Document[\/su_button]<\/p>\n","protected":false},"featured_media":8602,"template":"","meta":[],"product_brand":[],"product_cat":[18],"product_tag":[],"class_list":{"0":"post-8608","1":"product","2":"type-product","3":"status-publish","4":"has-post-thumbnail","6":"product_cat-brand-products","8":"first","9":"instock","10":"virtual","11":"product-type-simple","12":"czr-hentry"},"_links":{"self":[{"href":"https:\/\/fvc.fukuvi-jp.com\/en\/wp-json\/wp\/v2\/product\/8608","targetHints":{"allow":["GET"]}}],"collection":[{"href":"https:\/\/fvc.fukuvi-jp.com\/en\/wp-json\/wp\/v2\/product"}],"about":[{"href":"https:\/\/fvc.fukuvi-jp.com\/en\/wp-json\/wp\/v2\/types\/product"}],"wp:featuredmedia":[{"embeddable":true,"href":"https:\/\/fvc.fukuvi-jp.com\/en\/wp-json\/wp\/v2\/media\/8602"}],"wp:attachment":[{"href":"https:\/\/fvc.fukuvi-jp.com\/en\/wp-json\/wp\/v2\/media?parent=8608"}],"wp:term":[{"taxonomy":"product_brand","embeddable":true,"href":"https:\/\/fvc.fukuvi-jp.com\/en\/wp-json\/wp\/v2\/product_brand?post=8608"},{"taxonomy":"product_cat","embeddable":true,"href":"https:\/\/fvc.fukuvi-jp.com\/en\/wp-json\/wp\/v2\/product_cat?post=8608"},{"taxonomy":"product_tag","embeddable":true,"href":"https:\/\/fvc.fukuvi-jp.com\/en\/wp-json\/wp\/v2\/product_tag?post=8608"}],"curies":[{"name":"wp","href":"https:\/\/api.w.org\/{rel}","templated":true}]}}